{"id":1241,"date":"2025-06-09T13:18:51","date_gmt":"2025-06-09T11:18:51","guid":{"rendered":"https:\/\/serwer384942.lh.pl\/autoinstalator\/serwer384942.lh.pl\/wordpress135078\/?post_type=product&#038;p=1241"},"modified":"2025-09-22T12:47:51","modified_gmt":"2025-09-22T10:47:51","slug":"sok-pomaranczowy-jablkowy-z-czarnej-porzeczki-multiwitamina-grejpfrut-200ml","status":"publish","type":"product","link":"https:\/\/restauracja-pireus.com.pl\/en\/product\/sok-pomaranczowy-jablkowy-z-czarnej-porzeczki-multiwitamina-grejpfrut-200ml\/","title":{"rendered":"Sok pomara\u0144czowy, jab\u0142kowy, z czarnej porzeczki, multiwitamina, grejpfrut 200ml"},"content":{"rendered":"","protected":false},"excerpt":{"rendered":"","protected":false},"featured_media":0,"comment_status":"closed","ping_status":"closed","template":"","meta":{"site-sidebar-layout":"default","site-content-layout":"","ast-site-content-layout":"default","site-content-style":"default","site-sidebar-style":"default","ast-global-header-display":"","ast-banner-title-visibility":"","ast-main-header-display":"","ast-hfb-above-header-display":"","ast-hfb-below-header-display":"","ast-hfb-mobile-header-display":"","site-post-title":"","ast-breadcrumbs-content":"","ast-featured-img":"","footer-sml-layout":"","ast-disable-related-posts":"","theme-transparent-header-meta":"default","adv-header-id-meta":"","stick-header-meta":"","header-above-stick-meta":"","header-main-stick-meta":"","header-below-stick-meta":"","astra-migrate-meta-layouts":"set","ast-page-background-enabled":"default","ast-page-background-meta":{"desktop":{"background-color":"","background-image":"","background-repeat":"repeat","background-position":"center center","background-size":"auto","background-attachment":"scroll","background-type":"","background-media":"","overlay-type":"","overlay-color":"","overlay-opacity":"","overlay-gradient":""},"tablet":{"background-color":"","background-image":"","background-repeat":"repeat","background-position":"center center","background-size":"auto","background-attachment":"scroll","background-type":"","background-media":"","overlay-type":"","overlay-color":"","overlay-opacity":"","overlay-gradient":""},"mobile":{"background-color":"","background-image":"","background-repeat":"repeat","background-position":"center center","background-size":"auto","background-attachment":"scroll","background-type":"","background-media":"","overlay-type":"","overlay-color":"","overlay-opacity":"","overlay-gradient":""}},"ast-content-background-meta":{"desktop":{"background-color":"var(--ast-global-color-5)","background-image":"","background-repeat":"repeat","background-position":"center center","background-size":"auto","background-attachment":"scroll","background-type":"","background-media":"","overlay-type":"","overlay-color":"","overlay-opacity":"","overlay-gradient":""},"tablet":{"background-color":"var(--ast-global-color-5)","background-image":"","background-repeat":"repeat","background-position":"center center","background-size":"auto","background-attachment":"scroll","background-type":"","background-media":"","overlay-type":"","overlay-color":"","overlay-opacity":"","overlay-gradient":""},"mobile":{"background-color":"var(--ast-global-color-5)","background-image":"","background-repeat":"repeat","background-position":"center center","background-size":"auto","background-attachment":"scroll","background-type":"","background-media":"","overlay-type":"","overlay-color":"","overlay-opacity":"","overlay-gradient":""}}},"product_brand":[],"product_cat":[36],"product_tag":[],"class_list":{"0":"post-1241","1":"product","2":"type-product","3":"status-publish","5":"product_cat-napoje","6":"desktop-align-left","7":"tablet-align-left","8":"mobile-align-left","10":"first","11":"instock","12":"shipping-taxable","13":"purchasable","14":"product-type-simple"},"yoast_head":"<!-- This site is optimized with the Yoast SEO plugin v27.1 - https:\/\/yoast.com\/product\/yoast-seo-wordpress\/ -->\n<title>Sok pomara\u0144czowy, jab\u0142kowy, z czarnej porzeczki, multiwitamina, grejpfrut 200ml - Restauracja Pireus<\/title>\n<meta name=\"robots\" content=\"index, follow, max-snippet:-1, max-image-preview:large, max-video-preview:-1\" \/>\n<link rel=\"canonical\" href=\"https:\/\/restauracja-pireus.com.pl\/en\/product\/sok-pomaranczowy-jablkowy-z-czarnej-porzeczki-multiwitamina-grejpfrut-200ml\/\" \/>\n<meta property=\"og:locale\" content=\"en_GB\" \/>\n<meta property=\"og:type\" content=\"article\" \/>\n<meta property=\"og:title\" content=\"Sok pomara\u0144czowy, jab\u0142kowy, z czarnej porzeczki, multiwitamina, grejpfrut 200ml - Restauracja Pireus\" \/>\n<meta property=\"og:url\" content=\"https:\/\/restauracja-pireus.com.pl\/en\/product\/sok-pomaranczowy-jablkowy-z-czarnej-porzeczki-multiwitamina-grejpfrut-200ml\/\" \/>\n<meta property=\"og:site_name\" content=\"Restauracja Pireus\" \/>\n<meta property=\"article:publisher\" content=\"https:\/\/www.facebook.com\/pireus.czestochowa\" \/>\n<meta property=\"article:modified_time\" content=\"2025-09-22T10:47:51+00:00\" \/>\n<meta name=\"twitter:card\" content=\"summary_large_image\" \/>\n<script type=\"application\/ld+json\" class=\"yoast-schema-graph\">{\"@context\":\"https:\/\/schema.org\",\"@graph\":[{\"@type\":\"WebPage\",\"@id\":\"https:\/\/restauracja-pireus.com.pl\/produkt\/sok-pomaranczowy-jablkowy-z-czarnej-porzeczki-multiwitamina-grejpfrut-200ml\/\",\"url\":\"https:\/\/restauracja-pireus.com.pl\/produkt\/sok-pomaranczowy-jablkowy-z-czarnej-porzeczki-multiwitamina-grejpfrut-200ml\/\",\"name\":\"Sok pomara\u0144czowy, jab\u0142kowy, z czarnej porzeczki, multiwitamina, grejpfrut 200ml - Restauracja Pireus\",\"isPartOf\":{\"@id\":\"https:\/\/restauracja-pireus.com.pl\/#website\"},\"datePublished\":\"2025-06-09T11:18:51+00:00\",\"dateModified\":\"2025-09-22T10:47:51+00:00\",\"breadcrumb\":{\"@id\":\"https:\/\/restauracja-pireus.com.pl\/produkt\/sok-pomaranczowy-jablkowy-z-czarnej-porzeczki-multiwitamina-grejpfrut-200ml\/#breadcrumb\"},\"inLanguage\":\"en-GB\",\"potentialAction\":[{\"@type\":\"ReadAction\",\"target\":[\"https:\/\/restauracja-pireus.com.pl\/produkt\/sok-pomaranczowy-jablkowy-z-czarnej-porzeczki-multiwitamina-grejpfrut-200ml\/\"]}]},{\"@type\":\"BreadcrumbList\",\"@id\":\"https:\/\/restauracja-pireus.com.pl\/produkt\/sok-pomaranczowy-jablkowy-z-czarnej-porzeczki-multiwitamina-grejpfrut-200ml\/#breadcrumb\",\"itemListElement\":[{\"@type\":\"ListItem\",\"position\":1,\"name\":\"Strona g\u0142\u00f3wna\",\"item\":\"https:\/\/restauracja-pireus.com.pl\/\"},{\"@type\":\"ListItem\",\"position\":2,\"name\":\"Sklep\",\"item\":\"https:\/\/restauracja-pireus.com.pl\/sklep\/\"},{\"@type\":\"ListItem\",\"position\":3,\"name\":\"Sok pomara\u0144czowy, jab\u0142kowy, z czarnej porzeczki, multiwitamina, grejpfrut 200ml\"}]},{\"@type\":\"WebSite\",\"@id\":\"https:\/\/restauracja-pireus.com.pl\/#website\",\"url\":\"https:\/\/restauracja-pireus.com.pl\/\",\"name\":\"Restauracja Pireus\",\"description\":\"Grecja w sercu Cz\u0119stochowy - smak, klimat, go\u015bcinno\u015b\u0107.\",\"publisher\":{\"@id\":\"https:\/\/restauracja-pireus.com.pl\/#organization\"},\"potentialAction\":[{\"@type\":\"SearchAction\",\"target\":{\"@type\":\"EntryPoint\",\"urlTemplate\":\"https:\/\/restauracja-pireus.com.pl\/?s={search_term_string}\"},\"query-input\":{\"@type\":\"PropertyValueSpecification\",\"valueRequired\":true,\"valueName\":\"search_term_string\"}}],\"inLanguage\":\"en-GB\"},{\"@type\":\"Organization\",\"@id\":\"https:\/\/restauracja-pireus.com.pl\/#organization\",\"name\":\"PIREUS RESTAURANT & CAFE\",\"url\":\"https:\/\/restauracja-pireus.com.pl\/\",\"logo\":{\"@type\":\"ImageObject\",\"inLanguage\":\"en-GB\",\"@id\":\"https:\/\/restauracja-pireus.com.pl\/#\/schema\/logo\/image\/\",\"url\":\"https:\/\/restauracja-pireus.com.pl\/wp-content\/uploads\/2025\/03\/logo2.png\",\"contentUrl\":\"https:\/\/restauracja-pireus.com.pl\/wp-content\/uploads\/2025\/03\/logo2.png\",\"width\":856,\"height\":272,\"caption\":\"PIREUS RESTAURANT & CAFE\"},\"image\":{\"@id\":\"https:\/\/restauracja-pireus.com.pl\/#\/schema\/logo\/image\/\"},\"sameAs\":[\"https:\/\/www.facebook.com\/pireus.czestochowa\",\"https:\/\/www.instagram.com\/pireus.czestochowa\/\"]}]}<\/script>\n<!-- \/ Yoast SEO plugin. -->","yoast_head_json":{"title":"Sok pomara\u0144czowy, jab\u0142kowy, z czarnej porzeczki, multiwitamina, grejpfrut 200ml - Restauracja Pireus","robots":{"index":"index","follow":"follow","max-snippet":"max-snippet:-1","max-image-preview":"max-image-preview:large","max-video-preview":"max-video-preview:-1"},"canonical":"https:\/\/restauracja-pireus.com.pl\/en\/product\/sok-pomaranczowy-jablkowy-z-czarnej-porzeczki-multiwitamina-grejpfrut-200ml\/","og_locale":"en_GB","og_type":"article","og_title":"Sok pomara\u0144czowy, jab\u0142kowy, z czarnej porzeczki, multiwitamina, grejpfrut 200ml - Restauracja Pireus","og_url":"https:\/\/restauracja-pireus.com.pl\/en\/product\/sok-pomaranczowy-jablkowy-z-czarnej-porzeczki-multiwitamina-grejpfrut-200ml\/","og_site_name":"Restauracja Pireus","article_publisher":"https:\/\/www.facebook.com\/pireus.czestochowa","article_modified_time":"2025-09-22T10:47:51+00:00","twitter_card":"summary_large_image","schema":{"@context":"https:\/\/schema.org","@graph":[{"@type":"WebPage","@id":"https:\/\/restauracja-pireus.com.pl\/produkt\/sok-pomaranczowy-jablkowy-z-czarnej-porzeczki-multiwitamina-grejpfrut-200ml\/","url":"https:\/\/restauracja-pireus.com.pl\/produkt\/sok-pomaranczowy-jablkowy-z-czarnej-porzeczki-multiwitamina-grejpfrut-200ml\/","name":"Sok pomara\u0144czowy, jab\u0142kowy, z czarnej porzeczki, multiwitamina, grejpfrut 200ml - Restauracja Pireus","isPartOf":{"@id":"https:\/\/restauracja-pireus.com.pl\/#website"},"datePublished":"2025-06-09T11:18:51+00:00","dateModified":"2025-09-22T10:47:51+00:00","breadcrumb":{"@id":"https:\/\/restauracja-pireus.com.pl\/produkt\/sok-pomaranczowy-jablkowy-z-czarnej-porzeczki-multiwitamina-grejpfrut-200ml\/#breadcrumb"},"inLanguage":"en-GB","potentialAction":[{"@type":"ReadAction","target":["https:\/\/restauracja-pireus.com.pl\/produkt\/sok-pomaranczowy-jablkowy-z-czarnej-porzeczki-multiwitamina-grejpfrut-200ml\/"]}]},{"@type":"BreadcrumbList","@id":"https:\/\/restauracja-pireus.com.pl\/produkt\/sok-pomaranczowy-jablkowy-z-czarnej-porzeczki-multiwitamina-grejpfrut-200ml\/#breadcrumb","itemListElement":[{"@type":"ListItem","position":1,"name":"Strona g\u0142\u00f3wna","item":"https:\/\/restauracja-pireus.com.pl\/"},{"@type":"ListItem","position":2,"name":"Sklep","item":"https:\/\/restauracja-pireus.com.pl\/sklep\/"},{"@type":"ListItem","position":3,"name":"Sok pomara\u0144czowy, jab\u0142kowy, z czarnej porzeczki, multiwitamina, grejpfrut 200ml"}]},{"@type":"WebSite","@id":"https:\/\/restauracja-pireus.com.pl\/#website","url":"https:\/\/restauracja-pireus.com.pl\/","name":"Restauracja Pireus","description":"Grecja w sercu Cz\u0119stochowy - smak, klimat, go\u015bcinno\u015b\u0107.","publisher":{"@id":"https:\/\/restauracja-pireus.com.pl\/#organization"},"potentialAction":[{"@type":"SearchAction","target":{"@type":"EntryPoint","urlTemplate":"https:\/\/restauracja-pireus.com.pl\/?s={search_term_string}"},"query-input":{"@type":"PropertyValueSpecification","valueRequired":true,"valueName":"search_term_string"}}],"inLanguage":"en-GB"},{"@type":"Organization","@id":"https:\/\/restauracja-pireus.com.pl\/#organization","name":"PIREUS RESTAURANT & CAFE","url":"https:\/\/restauracja-pireus.com.pl\/","logo":{"@type":"ImageObject","inLanguage":"en-GB","@id":"https:\/\/restauracja-pireus.com.pl\/#\/schema\/logo\/image\/","url":"https:\/\/restauracja-pireus.com.pl\/wp-content\/uploads\/2025\/03\/logo2.png","contentUrl":"https:\/\/restauracja-pireus.com.pl\/wp-content\/uploads\/2025\/03\/logo2.png","width":856,"height":272,"caption":"PIREUS RESTAURANT & CAFE"},"image":{"@id":"https:\/\/restauracja-pireus.com.pl\/#\/schema\/logo\/image\/"},"sameAs":["https:\/\/www.facebook.com\/pireus.czestochowa","https:\/\/www.instagram.com\/pireus.czestochowa\/"]}]}},"jetpack_sharing_enabled":true,"_links":{"self":[{"href":"https:\/\/restauracja-pireus.com.pl\/en\/wp-json\/wp\/v2\/product\/1241","targetHints":{"allow":["GET"]}}],"collection":[{"href":"https:\/\/restauracja-pireus.com.pl\/en\/wp-json\/wp\/v2\/product"}],"about":[{"href":"https:\/\/restauracja-pireus.com.pl\/en\/wp-json\/wp\/v2\/types\/product"}],"replies":[{"embeddable":true,"href":"https:\/\/restauracja-pireus.com.pl\/en\/wp-json\/wp\/v2\/comments?post=1241"}],"version-history":[{"count":1,"href":"https:\/\/restauracja-pireus.com.pl\/en\/wp-json\/wp\/v2\/product\/1241\/revisions"}],"predecessor-version":[{"id":4073,"href":"https:\/\/restauracja-pireus.com.pl\/en\/wp-json\/wp\/v2\/product\/1241\/revisions\/4073"}],"wp:attachment":[{"href":"https:\/\/restauracja-pireus.com.pl\/en\/wp-json\/wp\/v2\/media?parent=1241"}],"wp:term":[{"taxonomy":"product_brand","embeddable":true,"href":"https:\/\/restauracja-pireus.com.pl\/en\/wp-json\/wp\/v2\/product_brand?post=1241"},{"taxonomy":"product_cat","embeddable":true,"href":"https:\/\/restauracja-pireus.com.pl\/en\/wp-json\/wp\/v2\/product_cat?post=1241"},{"taxonomy":"product_tag","embeddable":true,"href":"https:\/\/restauracja-pireus.com.pl\/en\/wp-json\/wp\/v2\/product_tag?post=1241"}],"curies":[{"name":"wp","href":"https:\/\/api.w.org\/{rel}","templated":true}]}}