{"id":1428,"date":"2025-06-10T10:46:38","date_gmt":"2025-06-10T08:46:38","guid":{"rendered":"https:\/\/serwer384942.lh.pl\/autoinstalator\/serwer384942.lh.pl\/wordpress135078\/?post_type=product&#038;p=1428"},"modified":"2025-09-22T12:47:49","modified_gmt":"2025-09-22T10:47:49","slug":"negroni","status":"publish","type":"product","link":"https:\/\/restauracja-pireus.com.pl\/en\/product\/negroni\/","title":{"rendered":"NEGRONI"},"content":{"rendered":"<div class=\"elementor-element elementor-element-ea56e66 e-flex e-con-boxed e-con e-parent e-lazyloaded\" data-id=\"ea56e66\" data-element_type=\"container\" data-settings=\"{&quot;background_background&quot;:&quot;classic&quot;}\">\n<div class=\"e-con-inner\">\n<div class=\"elementor-element elementor-element-fd8b0db e-n-tabs-mobile elementor-widget elementor-widget-n-tabs\" data-id=\"fd8b0db\" data-element_type=\"widget\" data-settings=\"{&quot;horizontal_scroll&quot;:&quot;disable&quot;}\" data-widget_type=\"nested-tabs.default\">\n<div class=\"elementor-widget-container\">\n<div class=\"e-n-tabs e-activated\" data-widget-number=\"265859291\" aria-label=\"Tabs. Open items with Enter or Space, close with Escape and navigate using the Arrow keys.\" data-touch-mode=\"false\">\n<div class=\"e-n-tabs-content\">\n<div id=\"e-n-tab-content-26585929121\" class=\"elementor-element elementor-element-610b258 e-con-full e-flex e-con e-child e-active\" role=\"tabpanel\" aria-labelledby=\"e-n-tab-title-26585929121\" data-tab-index=\"21\" data-id=\"610b258\" data-element_type=\"container\" data-settings=\"{&quot;background_background&quot;:&quot;classic&quot;}\">\n<div class=\"elementor-element elementor-element-ec5b52d e-con-full e-flex e-con e-child\" data-id=\"ec5b52d\" data-element_type=\"container\">\n<div class=\"elementor-element elementor-element-b91a3f0 e-con-full e-flex e-con e-child\" data-id=\"b91a3f0\" data-element_type=\"container\">\n<div class=\"elementor-element elementor-element-8972a88 e-con-full e-flex e-con e-child\" data-id=\"8972a88\" data-element_type=\"container\">\n<div class=\"elementor-element elementor-element-f33d732 elementor-position-left elementor-vertical-align-middle elementor-widget elementor-widget-image-box\" data-id=\"f33d732\" data-element_type=\"widget\" data-widget_type=\"image-box.default\">\n<div class=\"elementor-widget-container\">\n<div class=\"elementor-image-box-wrapper\">\n<div class=\"elementor-image-box-content\">\n<p class=\"elementor-image-box-description\">Campari, wermut, gin, pomara\u0144cza<\/p>\n<\/div>\n<\/div>\n<\/div>\n<\/div>\n<\/div>\n<\/div>\n<\/div>\n<\/div>\n<\/div>\n<\/div>\n<\/div>\n<\/div>\n<\/div>\n<\/div>\n<div class=\"elementor-element elementor-element-bca729f e-flex e-con-boxed e-con e-parent e-lazyloaded\" data-id=\"bca729f\" data-element_type=\"container\" data-settings=\"{&quot;background_background&quot;:&quot;classic&quot;}\">\n<div class=\"e-con-inner\">\n<div class=\"elementor-element elementor-element-f4cc131 e-n-tabs-mobile elementor-widget elementor-widget-n-tabs\" data-id=\"f4cc131\" data-element_type=\"widget\" data-settings=\"{&quot;horizontal_scroll&quot;:&quot;disable&quot;}\" data-widget_type=\"nested-tabs.default\">\n<div class=\"elementor-widget-container\">\n<div class=\"e-n-tabs e-activated\" data-widget-number=\"256688433\" aria-label=\"Tabs. Open items with Enter or Space, close with Escape and navigate using the Arrow keys.\" data-touch-mode=\"false\">\n<div class=\"e-n-tabs-content\">\n<div id=\"e-n-tab-content-2566884331\" class=\"e-active elementor-element elementor-element-6506005 e-con-full e-flex e-con e-child\" role=\"tabpanel\" aria-labelledby=\"e-n-tab-title-2566884331\" data-tab-index=\"1\" data-id=\"6506005\" data-element_type=\"container\" data-settings=\"{&quot;background_background&quot;:&quot;classic&quot;}\">\n<div class=\"elementor-element elementor-element-9ced121 e-flex e-con-boxed e-con e-child\" data-id=\"9ced121\" data-element_type=\"container\" data-settings=\"{&quot;background_background&quot;:&quot;classic&quot;}\">\n<div class=\"e-con-inner\">\n<div class=\"elementor-element elementor-element-597f3f4 e-con-full e-flex e-con e-child\" data-id=\"597f3f4\" data-element_type=\"container\">\n<div class=\"elementor-element elementor-element-4912d11 elementor-widget elementor-widget-heading\" data-id=\"4912d11\" data-element_type=\"widget\" data-widget_type=\"heading.default\">\n<div class=\"elementor-widget-container\"><\/div>\n<\/div>\n<\/div>\n<\/div>\n<\/div>\n<\/div>\n<\/div>\n<\/div>\n<\/div>\n<\/div>\n<\/div>\n<\/div>","protected":false},"excerpt":{"rendered":"<div class=\"elementor-element elementor-element-ea56e66 e-flex e-con-boxed e-con e-parent e-lazyloaded\" data-id=\"ea56e66\" data-element_type=\"container\" data-settings=\"{&quot;background_background&quot;:&quot;classic&quot;}\">\n<div class=\"e-con-inner\">\n<div class=\"elementor-element elementor-element-fd8b0db e-n-tabs-mobile elementor-widget elementor-widget-n-tabs\" data-id=\"fd8b0db\" data-element_type=\"widget\" data-settings=\"{&quot;horizontal_scroll&quot;:&quot;disable&quot;}\" data-widget_type=\"nested-tabs.default\">\n<div class=\"elementor-widget-container\">\n<div class=\"e-n-tabs e-activated\" data-widget-number=\"265859291\" aria-label=\"Tabs. Open items with Enter or Space, close with Escape and navigate using the Arrow keys.\" data-touch-mode=\"false\">\n<div class=\"e-n-tabs-content\">\n<div id=\"e-n-tab-content-26585929121\" class=\"elementor-element elementor-element-610b258 e-con-full e-flex e-con e-child e-active\" role=\"tabpanel\" aria-labelledby=\"e-n-tab-title-26585929121\" data-tab-index=\"21\" data-id=\"610b258\" data-element_type=\"container\" data-settings=\"{&quot;background_background&quot;:&quot;classic&quot;}\">\n<div class=\"elementor-element elementor-element-ec5b52d e-con-full e-flex e-con e-child\" data-id=\"ec5b52d\" data-element_type=\"container\">\n<div class=\"elementor-element elementor-element-b91a3f0 e-con-full e-flex e-con e-child\" data-id=\"b91a3f0\" data-element_type=\"container\">\n<div class=\"elementor-element elementor-element-8972a88 e-con-full e-flex e-con e-child\" data-id=\"8972a88\" data-element_type=\"container\">\n<div class=\"elementor-element elementor-element-f33d732 elementor-position-left elementor-vertical-align-middle elementor-widget elementor-widget-image-box\" data-id=\"f33d732\" data-element_type=\"widget\" data-widget_type=\"image-box.default\">\n<div class=\"elementor-widget-container\">\n<div class=\"elementor-image-box-wrapper\">\n<div class=\"elementor-image-box-content\">\n<p class=\"elementor-image-box-description\">Campari, wermut, gin, pomara\u0144cza<\/p>\n<\/div>\n<\/div>\n<\/div>\n<\/div>\n<\/div>\n<\/div>\n<\/div>\n<\/div>\n<\/div>\n<\/div>\n<\/div>\n<\/div>\n<\/div>\n<\/div>\n<div class=\"elementor-element elementor-element-bca729f e-flex e-con-boxed e-con e-parent e-lazyloaded\" data-id=\"bca729f\" data-element_type=\"container\" data-settings=\"{&quot;background_background&quot;:&quot;classic&quot;}\">\n<div class=\"e-con-inner\">\n<div class=\"elementor-element elementor-element-f4cc131 e-n-tabs-mobile elementor-widget elementor-widget-n-tabs\" data-id=\"f4cc131\" data-element_type=\"widget\" data-settings=\"{&quot;horizontal_scroll&quot;:&quot;disable&quot;}\" data-widget_type=\"nested-tabs.default\">\n<div class=\"elementor-widget-container\">\n<div class=\"e-n-tabs e-activated\" data-widget-number=\"256688433\" aria-label=\"Tabs. Open items with Enter or Space, close with Escape and navigate using the Arrow keys.\" data-touch-mode=\"false\">\n<div class=\"e-n-tabs-content\">\n<div id=\"e-n-tab-content-2566884331\" class=\"e-active elementor-element elementor-element-6506005 e-con-full e-flex e-con e-child\" role=\"tabpanel\" aria-labelledby=\"e-n-tab-title-2566884331\" data-tab-index=\"1\" data-id=\"6506005\" data-element_type=\"container\" data-settings=\"{&quot;background_background&quot;:&quot;classic&quot;}\">\n<div class=\"elementor-element elementor-element-9ced121 e-flex e-con-boxed e-con e-child\" data-id=\"9ced121\" data-element_type=\"container\" data-settings=\"{&quot;background_background&quot;:&quot;classic&quot;}\">\n<div class=\"e-con-inner\">\n<div class=\"elementor-element elementor-element-597f3f4 e-con-full e-flex e-con e-child\" data-id=\"597f3f4\" data-element_type=\"container\">\n<div class=\"elementor-element elementor-element-4912d11 elementor-widget elementor-widget-heading\" data-id=\"4912d11\" data-element_type=\"widget\" data-widget_type=\"heading.default\">\n<div class=\"elementor-widget-container\"><\/div>\n<\/div>\n<\/div>\n<\/div>\n<\/div>\n<\/div>\n<\/div>\n<\/div>\n<\/div>\n<\/div>\n<\/div>\n<\/div>","protected":false},"featured_media":2262,"comment_status":"closed","ping_status":"closed","template":"","meta":{"site-sidebar-layout":"default","site-content-layout":"","ast-site-content-layout":"default","site-content-style":"default","site-sidebar-style":"default","ast-global-header-display":"","ast-banner-title-visibility":"","ast-main-header-display":"","ast-hfb-above-header-display":"","ast-hfb-below-header-display":"","ast-hfb-mobile-header-display":"","site-post-title":"","ast-breadcrumbs-content":"","ast-featured-img":"","footer-sml-layout":"","ast-disable-related-posts":"","theme-transparent-header-meta":"default","adv-header-id-meta":"","stick-header-meta":"","header-above-stick-meta":"","header-main-stick-meta":"","header-below-stick-meta":"","astra-migrate-meta-layouts":"set","ast-page-background-enabled":"default","ast-page-background-meta":{"desktop":{"background-color":"","background-image":"","background-repeat":"repeat","background-position":"center center","background-size":"auto","background-attachment":"scroll","background-type":"","background-media":"","overlay-type":"","overlay-color":"","overlay-opacity":"","overlay-gradient":""},"tablet":{"background-color":"","background-image":"","background-repeat":"repeat","background-position":"center center","background-size":"auto","background-attachment":"scroll","background-type":"","background-media":"","overlay-type":"","overlay-color":"","overlay-opacity":"","overlay-gradient":""},"mobile":{"background-color":"","background-image":"","background-repeat":"repeat","background-position":"center center","background-size":"auto","background-attachment":"scroll","background-type":"","background-media":"","overlay-type":"","overlay-color":"","overlay-opacity":"","overlay-gradient":""}},"ast-content-background-meta":{"desktop":{"background-color":"var(--ast-global-color-5)","background-image":"","background-repeat":"repeat","background-position":"center center","background-size":"auto","background-attachment":"scroll","background-type":"","background-media":"","overlay-type":"","overlay-color":"","overlay-opacity":"","overlay-gradient":""},"tablet":{"background-color":"var(--ast-global-color-5)","background-image":"","background-repeat":"repeat","background-position":"center center","background-size":"auto","background-attachment":"scroll","background-type":"","background-media":"","overlay-type":"","overlay-color":"","overlay-opacity":"","overlay-gradient":""},"mobile":{"background-color":"var(--ast-global-color-5)","background-image":"","background-repeat":"repeat","background-position":"center center","background-size":"auto","background-attachment":"scroll","background-type":"","background-media":"","overlay-type":"","overlay-color":"","overlay-opacity":"","overlay-gradient":""}}},"product_brand":[],"product_cat":[45],"product_tag":[],"class_list":{"0":"post-1428","1":"product","2":"type-product","3":"status-publish","4":"has-post-thumbnail","6":"product_cat-drinki-alkoholowe","7":"desktop-align-left","8":"tablet-align-left","9":"mobile-align-left","11":"first","12":"instock","13":"shipping-taxable","14":"purchasable","15":"product-type-simple"},"yoast_head":"<!-- This site is optimized with the Yoast SEO plugin v27.1 - https:\/\/yoast.com\/product\/yoast-seo-wordpress\/ -->\n<title>NEGRONI - Restauracja Pireus<\/title>\n<meta name=\"robots\" content=\"index, follow, max-snippet:-1, max-image-preview:large, max-video-preview:-1\" \/>\n<link rel=\"canonical\" href=\"https:\/\/restauracja-pireus.com.pl\/en\/product\/negroni\/\" \/>\n<meta property=\"og:locale\" content=\"en_GB\" \/>\n<meta property=\"og:type\" content=\"article\" \/>\n<meta property=\"og:title\" content=\"NEGRONI - Restauracja Pireus\" \/>\n<meta property=\"og:description\" content=\"Campari, wermut, gin, pomara\u0144cza\" \/>\n<meta property=\"og:url\" content=\"https:\/\/restauracja-pireus.com.pl\/en\/product\/negroni\/\" \/>\n<meta property=\"og:site_name\" content=\"Restauracja Pireus\" \/>\n<meta property=\"article:publisher\" content=\"https:\/\/www.facebook.com\/pireus.czestochowa\" \/>\n<meta property=\"article:modified_time\" content=\"2025-09-22T10:47:49+00:00\" \/>\n<meta property=\"og:image\" content=\"https:\/\/restauracja-pireus.com.pl\/wp-content\/uploads\/2025\/06\/Drink-15-scaled.jpg\" \/>\n\t<meta property=\"og:image:width\" content=\"1707\" \/>\n\t<meta property=\"og:image:height\" content=\"2560\" \/>\n\t<meta property=\"og:image:type\" content=\"image\/jpeg\" \/>\n<meta name=\"twitter:card\" content=\"summary_large_image\" \/>\n<script type=\"application\/ld+json\" class=\"yoast-schema-graph\">{\"@context\":\"https:\/\/schema.org\",\"@graph\":[{\"@type\":\"WebPage\",\"@id\":\"https:\/\/restauracja-pireus.com.pl\/produkt\/negroni\/\",\"url\":\"https:\/\/restauracja-pireus.com.pl\/produkt\/negroni\/\",\"name\":\"NEGRONI - Restauracja Pireus\",\"isPartOf\":{\"@id\":\"https:\/\/restauracja-pireus.com.pl\/#website\"},\"primaryImageOfPage\":{\"@id\":\"https:\/\/restauracja-pireus.com.pl\/produkt\/negroni\/#primaryimage\"},\"image\":{\"@id\":\"https:\/\/restauracja-pireus.com.pl\/produkt\/negroni\/#primaryimage\"},\"thumbnailUrl\":\"https:\/\/restauracja-pireus.com.pl\/wp-content\/uploads\/2025\/06\/Drink-15-scaled.jpg\",\"datePublished\":\"2025-06-10T08:46:38+00:00\",\"dateModified\":\"2025-09-22T10:47:49+00:00\",\"breadcrumb\":{\"@id\":\"https:\/\/restauracja-pireus.com.pl\/produkt\/negroni\/#breadcrumb\"},\"inLanguage\":\"en-GB\",\"potentialAction\":[{\"@type\":\"ReadAction\",\"target\":[\"https:\/\/restauracja-pireus.com.pl\/produkt\/negroni\/\"]}]},{\"@type\":\"ImageObject\",\"inLanguage\":\"en-GB\",\"@id\":\"https:\/\/restauracja-pireus.com.pl\/produkt\/negroni\/#primaryimage\",\"url\":\"https:\/\/restauracja-pireus.com.pl\/wp-content\/uploads\/2025\/06\/Drink-15-scaled.jpg\",\"contentUrl\":\"https:\/\/restauracja-pireus.com.pl\/wp-content\/uploads\/2025\/06\/Drink-15-scaled.jpg\",\"width\":1707,\"height\":2560,\"caption\":\"NEGRONI\"},{\"@type\":\"BreadcrumbList\",\"@id\":\"https:\/\/restauracja-pireus.com.pl\/produkt\/negroni\/#breadcrumb\",\"itemListElement\":[{\"@type\":\"ListItem\",\"position\":1,\"name\":\"Strona g\u0142\u00f3wna\",\"item\":\"https:\/\/restauracja-pireus.com.pl\/\"},{\"@type\":\"ListItem\",\"position\":2,\"name\":\"Sklep\",\"item\":\"https:\/\/restauracja-pireus.com.pl\/sklep\/\"},{\"@type\":\"ListItem\",\"position\":3,\"name\":\"NEGRONI\"}]},{\"@type\":\"WebSite\",\"@id\":\"https:\/\/restauracja-pireus.com.pl\/#website\",\"url\":\"https:\/\/restauracja-pireus.com.pl\/\",\"name\":\"Restauracja Pireus\",\"description\":\"Grecja w sercu Cz\u0119stochowy - smak, klimat, go\u015bcinno\u015b\u0107.\",\"publisher\":{\"@id\":\"https:\/\/restauracja-pireus.com.pl\/#organization\"},\"potentialAction\":[{\"@type\":\"SearchAction\",\"target\":{\"@type\":\"EntryPoint\",\"urlTemplate\":\"https:\/\/restauracja-pireus.com.pl\/?s={search_term_string}\"},\"query-input\":{\"@type\":\"PropertyValueSpecification\",\"valueRequired\":true,\"valueName\":\"search_term_string\"}}],\"inLanguage\":\"en-GB\"},{\"@type\":\"Organization\",\"@id\":\"https:\/\/restauracja-pireus.com.pl\/#organization\",\"name\":\"PIREUS RESTAURANT & CAFE\",\"url\":\"https:\/\/restauracja-pireus.com.pl\/\",\"logo\":{\"@type\":\"ImageObject\",\"inLanguage\":\"en-GB\",\"@id\":\"https:\/\/restauracja-pireus.com.pl\/#\/schema\/logo\/image\/\",\"url\":\"https:\/\/restauracja-pireus.com.pl\/wp-content\/uploads\/2025\/03\/logo2.png\",\"contentUrl\":\"https:\/\/restauracja-pireus.com.pl\/wp-content\/uploads\/2025\/03\/logo2.png\",\"width\":856,\"height\":272,\"caption\":\"PIREUS RESTAURANT & CAFE\"},\"image\":{\"@id\":\"https:\/\/restauracja-pireus.com.pl\/#\/schema\/logo\/image\/\"},\"sameAs\":[\"https:\/\/www.facebook.com\/pireus.czestochowa\",\"https:\/\/www.instagram.com\/pireus.czestochowa\/\"]}]}<\/script>\n<!-- \/ Yoast SEO plugin. -->","yoast_head_json":{"title":"NEGRONI - Restauracja Pireus","robots":{"index":"index","follow":"follow","max-snippet":"max-snippet:-1","max-image-preview":"max-image-preview:large","max-video-preview":"max-video-preview:-1"},"canonical":"https:\/\/restauracja-pireus.com.pl\/en\/product\/negroni\/","og_locale":"en_GB","og_type":"article","og_title":"NEGRONI - Restauracja Pireus","og_description":"Campari, wermut, gin, pomara\u0144cza","og_url":"https:\/\/restauracja-pireus.com.pl\/en\/product\/negroni\/","og_site_name":"Restauracja Pireus","article_publisher":"https:\/\/www.facebook.com\/pireus.czestochowa","article_modified_time":"2025-09-22T10:47:49+00:00","og_image":[{"width":1707,"height":2560,"url":"https:\/\/restauracja-pireus.com.pl\/wp-content\/uploads\/2025\/06\/Drink-15-scaled.jpg","type":"image\/jpeg"}],"twitter_card":"summary_large_image","schema":{"@context":"https:\/\/schema.org","@graph":[{"@type":"WebPage","@id":"https:\/\/restauracja-pireus.com.pl\/produkt\/negroni\/","url":"https:\/\/restauracja-pireus.com.pl\/produkt\/negroni\/","name":"NEGRONI - Restauracja Pireus","isPartOf":{"@id":"https:\/\/restauracja-pireus.com.pl\/#website"},"primaryImageOfPage":{"@id":"https:\/\/restauracja-pireus.com.pl\/produkt\/negroni\/#primaryimage"},"image":{"@id":"https:\/\/restauracja-pireus.com.pl\/produkt\/negroni\/#primaryimage"},"thumbnailUrl":"https:\/\/restauracja-pireus.com.pl\/wp-content\/uploads\/2025\/06\/Drink-15-scaled.jpg","datePublished":"2025-06-10T08:46:38+00:00","dateModified":"2025-09-22T10:47:49+00:00","breadcrumb":{"@id":"https:\/\/restauracja-pireus.com.pl\/produkt\/negroni\/#breadcrumb"},"inLanguage":"en-GB","potentialAction":[{"@type":"ReadAction","target":["https:\/\/restauracja-pireus.com.pl\/produkt\/negroni\/"]}]},{"@type":"ImageObject","inLanguage":"en-GB","@id":"https:\/\/restauracja-pireus.com.pl\/produkt\/negroni\/#primaryimage","url":"https:\/\/restauracja-pireus.com.pl\/wp-content\/uploads\/2025\/06\/Drink-15-scaled.jpg","contentUrl":"https:\/\/restauracja-pireus.com.pl\/wp-content\/uploads\/2025\/06\/Drink-15-scaled.jpg","width":1707,"height":2560,"caption":"NEGRONI"},{"@type":"BreadcrumbList","@id":"https:\/\/restauracja-pireus.com.pl\/produkt\/negroni\/#breadcrumb","itemListElement":[{"@type":"ListItem","position":1,"name":"Strona g\u0142\u00f3wna","item":"https:\/\/restauracja-pireus.com.pl\/"},{"@type":"ListItem","position":2,"name":"Sklep","item":"https:\/\/restauracja-pireus.com.pl\/sklep\/"},{"@type":"ListItem","position":3,"name":"NEGRONI"}]},{"@type":"WebSite","@id":"https:\/\/restauracja-pireus.com.pl\/#website","url":"https:\/\/restauracja-pireus.com.pl\/","name":"Restauracja Pireus","description":"Grecja w sercu Cz\u0119stochowy - smak, klimat, go\u015bcinno\u015b\u0107.","publisher":{"@id":"https:\/\/restauracja-pireus.com.pl\/#organization"},"potentialAction":[{"@type":"SearchAction","target":{"@type":"EntryPoint","urlTemplate":"https:\/\/restauracja-pireus.com.pl\/?s={search_term_string}"},"query-input":{"@type":"PropertyValueSpecification","valueRequired":true,"valueName":"search_term_string"}}],"inLanguage":"en-GB"},{"@type":"Organization","@id":"https:\/\/restauracja-pireus.com.pl\/#organization","name":"PIREUS RESTAURANT & CAFE","url":"https:\/\/restauracja-pireus.com.pl\/","logo":{"@type":"ImageObject","inLanguage":"en-GB","@id":"https:\/\/restauracja-pireus.com.pl\/#\/schema\/logo\/image\/","url":"https:\/\/restauracja-pireus.com.pl\/wp-content\/uploads\/2025\/03\/logo2.png","contentUrl":"https:\/\/restauracja-pireus.com.pl\/wp-content\/uploads\/2025\/03\/logo2.png","width":856,"height":272,"caption":"PIREUS RESTAURANT & CAFE"},"image":{"@id":"https:\/\/restauracja-pireus.com.pl\/#\/schema\/logo\/image\/"},"sameAs":["https:\/\/www.facebook.com\/pireus.czestochowa","https:\/\/www.instagram.com\/pireus.czestochowa\/"]}]}},"jetpack_sharing_enabled":true,"_links":{"self":[{"href":"https:\/\/restauracja-pireus.com.pl\/en\/wp-json\/wp\/v2\/product\/1428","targetHints":{"allow":["GET"]}}],"collection":[{"href":"https:\/\/restauracja-pireus.com.pl\/en\/wp-json\/wp\/v2\/product"}],"about":[{"href":"https:\/\/restauracja-pireus.com.pl\/en\/wp-json\/wp\/v2\/types\/product"}],"replies":[{"embeddable":true,"href":"https:\/\/restauracja-pireus.com.pl\/en\/wp-json\/wp\/v2\/comments?post=1428"}],"version-history":[{"count":1,"href":"https:\/\/restauracja-pireus.com.pl\/en\/wp-json\/wp\/v2\/product\/1428\/revisions"}],"predecessor-version":[{"id":4034,"href":"https:\/\/restauracja-pireus.com.pl\/en\/wp-json\/wp\/v2\/product\/1428\/revisions\/4034"}],"wp:featuredmedia":[{"embeddable":true,"href":"https:\/\/restauracja-pireus.com.pl\/en\/wp-json\/wp\/v2\/media\/2262"}],"wp:attachment":[{"href":"https:\/\/restauracja-pireus.com.pl\/en\/wp-json\/wp\/v2\/media?parent=1428"}],"wp:term":[{"taxonomy":"product_brand","embeddable":true,"href":"https:\/\/restauracja-pireus.com.pl\/en\/wp-json\/wp\/v2\/product_brand?post=1428"},{"taxonomy":"product_cat","embeddable":true,"href":"https:\/\/restauracja-pireus.com.pl\/en\/wp-json\/wp\/v2\/product_cat?post=1428"},{"taxonomy":"product_tag","embeddable":true,"href":"https:\/\/restauracja-pireus.com.pl\/en\/wp-json\/wp\/v2\/product_tag?post=1428"}],"curies":[{"name":"wp","href":"https:\/\/api.w.org\/{rel}","templated":true}]}}